{"id":616,"date":"2017-03-29T17:43:02","date_gmt":"2017-03-29T17:43:02","guid":{"rendered":"https:\/\/jbvisa.com\/?page_id=616"},"modified":"2025-04-16T23:38:22","modified_gmt":"2025-04-16T23:38:22","slug":"familiar-2","status":"publish","type":"page","link":"https:\/\/barbeitolaw.com\/es\/familiar-2\/","title":{"rendered":"Familiar"},"content":{"rendered":"<div id=\"pl-616\"  class=\"panel-layout\" ><div id=\"pg-616-0\"  class=\"panel-grid panel-has-style\" ><div style=\"padding-top: 50px; padding-bottom: 0px; \" data-mobile-padding=\"50px\" data-overlay-color=\"#000000\" class=\"panel-row-style panel-row-style-for-616-0\" ><div id=\"pgc-616-0-0\"  class=\"panel-grid-cell\" ><div id=\"panel-616-0-0-0\" class=\"so-panel widget widget_sow-image panel-first-child\" data-index=\"0\" ><div style=\"text-align: left;\" data-title-color=\"#2d3142\" data-headings-color=\"#2d3142\" class=\"panel-widget-style panel-widget-style-for-616-0-0-0\" ><div\n\t\t\t\n\t\t\tclass=\"so-widget-sow-image so-widget-sow-image-default-89f16426b92c-616\"\n\t\t\t\n\t\t>\n<div class=\"sow-image-container\">\n\t\t<img \n\tsrc=\"https:\/\/barbeitolaw.com\/wp-content\/uploads\/2017\/03\/45eb56_dc6b0385dc5142cbbb3da59b0fb06065.jpg\" width=\"2048\" height=\"1390\" srcset=\"https:\/\/barbeitolaw.com\/wp-content\/uploads\/2017\/03\/45eb56_dc6b0385dc5142cbbb3da59b0fb06065.jpg 2048w, https:\/\/barbeitolaw.com\/wp-content\/uploads\/2017\/03\/45eb56_dc6b0385dc5142cbbb3da59b0fb06065-300x204.jpg 300w, https:\/\/barbeitolaw.com\/wp-content\/uploads\/2017\/03\/45eb56_dc6b0385dc5142cbbb3da59b0fb06065-1024x695.jpg 1024w, https:\/\/barbeitolaw.com\/wp-content\/uploads\/2017\/03\/45eb56_dc6b0385dc5142cbbb3da59b0fb06065-768x521.jpg 768w, https:\/\/barbeitolaw.com\/wp-content\/uploads\/2017\/03\/45eb56_dc6b0385dc5142cbbb3da59b0fb06065-1536x1043.jpg 1536w, https:\/\/barbeitolaw.com\/wp-content\/uploads\/2017\/03\/45eb56_dc6b0385dc5142cbbb3da59b0fb06065-18x12.jpg 18w, https:\/\/barbeitolaw.com\/wp-content\/uploads\/2017\/03\/45eb56_dc6b0385dc5142cbbb3da59b0fb06065-200x136.jpg 200w, https:\/\/barbeitolaw.com\/wp-content\/uploads\/2017\/03\/45eb56_dc6b0385dc5142cbbb3da59b0fb06065-690x468.jpg 690w\" sizes=\"(max-width: 2048px) 100vw, 2048px\" title=\"Happy Attractive Hispanic Family Portrait Isolated on a White Background.\" alt=\"\" \t\tclass=\"so-widget-image\"\/>\n\t<\/div>\n\n<\/div><\/div><\/div><div id=\"panel-616-0-0-1\" class=\"so-panel widget widget_sow-editor\" data-index=\"1\" ><div style=\"text-align: left;\" data-title-color=\"#2d3142\" data-headings-color=\"#2d3142\" class=\"panel-widget-style panel-widget-style-for-616-0-0-1\" ><div\n\t\t\t\n\t\t\tclass=\"so-widget-sow-editor so-widget-sow-editor-base\"\n\t\t\t\n\t\t>\n<div class=\"siteorigin-widget-tinymce textwidget\">\n\t<span class=\"\" style=\"display:block;clear:both;height: 0px;padding-top: 50px;border-top-width:0px;border-bottom-width:0px;\"><\/span>\n<\/div>\n<\/div><\/div><\/div><div id=\"panel-616-0-0-2\" class=\"so-panel widget widget_sow-editor panel-last-child\" data-index=\"2\" ><div style=\"text-align: left;\" data-title-color=\"#2d3142\" data-headings-color=\"#2d3142\" class=\"panel-widget-style panel-widget-style-for-616-0-0-2\" ><div\n\t\t\t\n\t\t\tclass=\"so-widget-sow-editor so-widget-sow-editor-base\"\n\t\t\t\n\t\t>\n<div class=\"siteorigin-widget-tinymce textwidget\">\n\t<p style=\"text-align: justify;\">La Ley de Inmigraci\u00f3n de los Estados Unidos permite a los familiares de ciudadanos estadounidenses y residentes permanentes emigrar a los Estados Unidos. Si tiene un familiar que es ciudadano americano o residente permanente, tiene la posibilidad de emigrar y vivir legalmente en los Estados Unidos. Si desea obtener m\u00e1s informaci\u00f3n sobre c\u00f3mo migrar a los Estados Unidos, comun\u00edquese a las oficina de Barbeito &amp; Hiatt a la direcci\u00f3n <a href=\"mailto:jose@barbeitolaw.com\">jose@barbeitolaw.com<\/a> y nuestros abogados lo aconsejaran de manera profesional en su caso de inmigraci\u00f3n.<\/p>\n<\/div>\n<\/div><\/div><\/div><\/div><\/div><\/div><\/div>","protected":false},"excerpt":{"rendered":"<p>La Ley de Inmigraci\u00f3n de los Estados Unidos permite a los familiares de ciudadanos estadounidenses y residentes permanentes emigrar a&nbsp;[&hellip;]<\/p>\n","protected":false},"author":2,"featured_media":0,"parent":0,"menu_order":0,"comment_status":"closed","ping_status":"closed","template":"","meta":{"_exactmetrics_skip_tracking":false,"_exactmetrics_sitenote_active":false,"_exactmetrics_sitenote_note":"","_exactmetrics_sitenote_category":0,"footnotes":""},"class_list":["post-616","page","type-page","status-publish","hentry","post-item clearfix"],"aioseo_notices":[],"_links":{"self":[{"href":"https:\/\/barbeitolaw.com\/es\/wp-json\/wp\/v2\/pages\/616","targetHints":{"allow":["GET"]}}],"collection":[{"href":"https:\/\/barbeitolaw.com\/es\/wp-json\/wp\/v2\/pages"}],"about":[{"href":"https:\/\/barbeitolaw.com\/es\/wp-json\/wp\/v2\/types\/page"}],"author":[{"embeddable":true,"href":"https:\/\/barbeitolaw.com\/es\/wp-json\/wp\/v2\/users\/2"}],"replies":[{"embeddable":true,"href":"https:\/\/barbeitolaw.com\/es\/wp-json\/wp\/v2\/comments?post=616"}],"version-history":[{"count":0,"href":"https:\/\/barbeitolaw.com\/es\/wp-json\/wp\/v2\/pages\/616\/revisions"}],"wp:attachment":[{"href":"https:\/\/barbeitolaw.com\/es\/wp-json\/wp\/v2\/media?parent=616"}],"curies":[{"name":"wp","href":"https:\/\/api.w.org\/{rel}","templated":true}]}}