{"id":501,"date":"2017-03-14T03:45:35","date_gmt":"2017-03-14T03:45:35","guid":{"rendered":"https:\/\/jbvisa.com\/?page_id=501"},"modified":"2019-07-16T15:32:14","modified_gmt":"2019-07-16T15:32:14","slug":"estatus-casos","status":"publish","type":"page","link":"https:\/\/barbeitolaw.com\/es\/estatus-casos\/","title":{"rendered":"ESTATUS CASOS"},"content":{"rendered":"<div id=\"pl-501\"  class=\"panel-layout\" ><div id=\"pg-501-0\"  class=\"panel-grid panel-has-style\" ><div style=\"padding-top: 100px; padding-bottom: 100px; \" data-mobile-padding=\"50px\" class=\"panel-row-style panel-row-style-for-501-0\" ><div id=\"pgc-501-0-0\"  class=\"panel-grid-cell\" ><div id=\"panel-501-0-0-0\" class=\"so-panel widget widget_sow-editor panel-first-child panel-last-child\" data-index=\"0\" ><div style=\"text-align: left;\" data-title-color=\"#2d3142\" data-headings-color=\"#2d3142\" class=\"panel-widget-style panel-widget-style-for-501-0-0-0\" ><div\n\t\t\t\n\t\t\tclass=\"so-widget-sow-editor so-widget-sow-editor-base\"\n\t\t\t\n\t\t>\n<div class=\"siteorigin-widget-tinymce textwidget\">\n\t<p id=\"tw-target-text\" class=\"tw-data-text tw-ta tw-text-small\" dir=\"ltr\" style=\"text-align: center;\" data-placeholder=\"Traducci\u00f3n\"><span lang=\"es\">Puede verificar el estado de su caso visitando el sitio de USCIS:<\/span><\/p>\n<p class=\"tw-data-text tw-ta tw-text-small\" dir=\"ltr\" data-placeholder=\"Traducci\u00f3n\"><span lang=\"es\"><a href=\"https:\/\/egov.uscis.gov\/casestatus\/landing.do\"><img decoding=\"async\" class=\"alignnone size-medium wp-image-609 aligncenter\" src=\"https:\/\/fbz.225.mywebsitetransfer.com\/wp-content\/uploads\/2017\/03\/uscis-300x150.png\" alt=\"\" width=\"300\" height=\"150\" srcset=\"https:\/\/barbeitolaw.com\/wp-content\/uploads\/2017\/03\/uscis-300x150.png 300w, https:\/\/barbeitolaw.com\/wp-content\/uploads\/2017\/03\/uscis-18x9.png 18w, https:\/\/barbeitolaw.com\/wp-content\/uploads\/2017\/03\/uscis-200x100.png 200w, https:\/\/barbeitolaw.com\/wp-content\/uploads\/2017\/03\/uscis.png 400w\" sizes=\"(max-width: 300px) 100vw, 300px\" \/><\/a><\/span><\/p>\n<\/div>\n<\/div><\/div><\/div><\/div><div id=\"pgc-501-0-1\"  class=\"panel-grid-cell\" ><div id=\"panel-501-0-1-0\" class=\"so-panel widget widget_sow-editor panel-first-child panel-last-child\" data-index=\"1\" ><div style=\"text-align: left;\" data-title-color=\"#2d3142\" data-headings-color=\"#2d3142\" class=\"panel-widget-style panel-widget-style-for-501-0-1-0\" ><div\n\t\t\t\n\t\t\tclass=\"so-widget-sow-editor so-widget-sow-editor-base\"\n\t\t\t\n\t\t>\n<div class=\"siteorigin-widget-tinymce textwidget\">\n\t<p style=\"text-align: center;\">Puede consultar el estado de su solicitud de procesamiento consular visitando el sitio de CEAC:<\/p>\n<p><a href=\"https:\/\/ceac.state.gov\/CEACStatTracker\/Status.aspx\"><img decoding=\"async\" class=\"alignnone size-medium wp-image-610 aligncenter\" src=\"https:\/\/fbz.225.mywebsitetransfer.com\/wp-content\/uploads\/2017\/03\/Captura-de-pantalla-2017-03-28-a-las-18.48.24-300x58.png\" alt=\"\" width=\"300\" height=\"58\" srcset=\"https:\/\/barbeitolaw.com\/wp-content\/uploads\/2017\/03\/Captura-de-pantalla-2017-03-28-a-las-18.48.24-300x58.png 300w, https:\/\/barbeitolaw.com\/wp-content\/uploads\/2017\/03\/Captura-de-pantalla-2017-03-28-a-las-18.48.24-18x3.png 18w, https:\/\/barbeitolaw.com\/wp-content\/uploads\/2017\/03\/Captura-de-pantalla-2017-03-28-a-las-18.48.24-200x38.png 200w, https:\/\/barbeitolaw.com\/wp-content\/uploads\/2017\/03\/Captura-de-pantalla-2017-03-28-a-las-18.48.24.png 391w\" sizes=\"(max-width: 300px) 100vw, 300px\" \/><\/a><\/p>\n<\/div>\n<\/div><\/div><\/div><\/div><div id=\"pgc-501-0-2\"  class=\"panel-grid-cell\" ><div id=\"panel-501-0-2-0\" class=\"so-panel widget widget_sow-editor panel-first-child panel-last-child\" data-index=\"2\" ><div style=\"text-align: left;\" data-title-color=\"#2d3142\" data-headings-color=\"#2d3142\" class=\"panel-widget-style panel-widget-style-for-501-0-2-0\" ><div\n\t\t\t\n\t\t\tclass=\"so-widget-sow-editor so-widget-sow-editor-base\"\n\t\t\t\n\t\t>\n<div class=\"siteorigin-widget-tinymce textwidget\">\n\t<p style=\"text-align: center;\">Usted puede recuperar la informaci\u00f3n electr\u00f3nica de la tarjeta I-94 haciendo clic aqu\u00ed:<\/p>\n<p style=\"text-align: left;\"><a href=\"https:\/\/i94.cbp.dhs.gov\/I94\/#\/home\"><img decoding=\"async\" class=\"alignnone size-medium wp-image-608 aligncenter\" src=\"https:\/\/fbz.225.mywebsitetransfer.com\/wp-content\/uploads\/2017\/03\/U.S._Customs_and_Border_Protection_logo-300x90.png\" alt=\"\" width=\"300\" height=\"90\" srcset=\"https:\/\/barbeitolaw.com\/wp-content\/uploads\/2017\/03\/U.S._Customs_and_Border_Protection_logo-300x90.png 300w, https:\/\/barbeitolaw.com\/wp-content\/uploads\/2017\/03\/U.S._Customs_and_Border_Protection_logo-18x5.png 18w, https:\/\/barbeitolaw.com\/wp-content\/uploads\/2017\/03\/U.S._Customs_and_Border_Protection_logo-200x60.png 200w, https:\/\/barbeitolaw.com\/wp-content\/uploads\/2017\/03\/U.S._Customs_and_Border_Protection_logo.png 411w\" sizes=\"(max-width: 300px) 100vw, 300px\" \/><\/a><\/p>\n<\/div>\n<\/div><\/div><\/div><\/div><\/div><\/div><\/div>","protected":false},"excerpt":{"rendered":"<p>Puede verificar el estado de su caso visitando el sitio de USCIS: Puede consultar el estado de su solicitud de&nbsp;[&hellip;]<\/p>\n","protected":false},"author":2,"featured_media":0,"parent":0,"menu_order":0,"comment_status":"closed","ping_status":"closed","template":"page-templates\/template_fullwidth.php","meta":{"_exactmetrics_skip_tracking":false,"_exactmetrics_sitenote_active":false,"_exactmetrics_sitenote_note":"","_exactmetrics_sitenote_category":0,"footnotes":""},"class_list":["post-501","page","type-page","status-publish","hentry","post-item clearfix"],"aioseo_notices":[],"_links":{"self":[{"href":"https:\/\/barbeitolaw.com\/es\/wp-json\/wp\/v2\/pages\/501","targetHints":{"allow":["GET"]}}],"collection":[{"href":"https:\/\/barbeitolaw.com\/es\/wp-json\/wp\/v2\/pages"}],"about":[{"href":"https:\/\/barbeitolaw.com\/es\/wp-json\/wp\/v2\/types\/page"}],"author":[{"embeddable":true,"href":"https:\/\/barbeitolaw.com\/es\/wp-json\/wp\/v2\/users\/2"}],"replies":[{"embeddable":true,"href":"https:\/\/barbeitolaw.com\/es\/wp-json\/wp\/v2\/comments?post=501"}],"version-history":[{"count":0,"href":"https:\/\/barbeitolaw.com\/es\/wp-json\/wp\/v2\/pages\/501\/revisions"}],"wp:attachment":[{"href":"https:\/\/barbeitolaw.com\/es\/wp-json\/wp\/v2\/media?parent=501"}],"curies":[{"name":"wp","href":"https:\/\/api.w.org\/{rel}","templated":true}]}}