{"id":282,"date":"2017-02-08T20:02:28","date_gmt":"2017-02-08T20:02:28","guid":{"rendered":"https:\/\/fbz.225.mywebsitetransfer.com\/?page_id=282"},"modified":"2025-05-17T14:57:30","modified_gmt":"2025-05-17T14:57:30","slug":"acerca-de","status":"publish","type":"page","link":"https:\/\/barbeitolaw.com\/es\/acerca-de\/","title":{"rendered":"ACERCA DE"},"content":{"rendered":"<div id=\"pl-282\"  class=\"panel-layout\" ><div id=\"pg-282-0\"  class=\"panel-grid panel-has-style\" ><div style=\"padding-top: 50px; padding-bottom: 100px; \" data-mobile-padding=\"50px\" data-overlay-color=\"#000000\" class=\"panel-row-style panel-row-style-for-282-0\" ><div id=\"pgc-282-0-0\"  class=\"panel-grid-cell\" ><div id=\"panel-282-0-0-0\" class=\"so-panel widget widget_sow-image panel-first-child\" data-index=\"0\" ><div style=\"text-align: left;\" data-title-color=\"#2d3142\" data-headings-color=\"#2d3142\" class=\"panel-widget-style panel-widget-style-for-282-0-0-0\" ><div\n\t\t\t\n\t\t\tclass=\"so-widget-sow-image so-widget-sow-image-default-8b5b6f678277-282\"\n\t\t\t\n\t\t>\n<div class=\"sow-image-container\">\n\t\t<img \n\tsrc=\"https:\/\/barbeitolaw.com\/wp-content\/uploads\/2025\/05\/WhatsApp-Image-2025-05-15-at-12.35.18-PM-1-1-e1747493838780.jpeg\" width=\"724\" height=\"760\" srcset=\"https:\/\/barbeitolaw.com\/wp-content\/uploads\/2025\/05\/WhatsApp-Image-2025-05-15-at-12.35.18-PM-1-1-e1747493838780.jpeg 724w, https:\/\/barbeitolaw.com\/wp-content\/uploads\/2025\/05\/WhatsApp-Image-2025-05-15-at-12.35.18-PM-1-1-e1747493838780-286x300.jpeg 286w, https:\/\/barbeitolaw.com\/wp-content\/uploads\/2025\/05\/WhatsApp-Image-2025-05-15-at-12.35.18-PM-1-1-e1747493838780-11x12.jpeg 11w, https:\/\/barbeitolaw.com\/wp-content\/uploads\/2025\/05\/WhatsApp-Image-2025-05-15-at-12.35.18-PM-1-1-e1747493838780-200x210.jpeg 200w, https:\/\/barbeitolaw.com\/wp-content\/uploads\/2025\/05\/WhatsApp-Image-2025-05-15-at-12.35.18-PM-1-1-e1747493838780-690x724.jpeg 690w\" sizes=\"(max-width: 724px) 100vw, 724px\" title=\"WhatsApp Image 2025-05-15 at 12.35.18 PM (1)\" alt=\"\" \t\tclass=\"so-widget-image\"\/>\n\t<\/div>\n\n<\/div><\/div><\/div><div id=\"panel-282-0-0-1\" class=\"so-panel widget widget_sow-editor panel-last-child\" data-index=\"1\" ><div style=\"text-align: left;\" data-title-color=\"#2d3142\" data-headings-color=\"#2d3142\" class=\"panel-widget-style panel-widget-style-for-282-0-0-1\" ><div\n\t\t\t\n\t\t\tclass=\"so-widget-sow-editor so-widget-sow-editor-base\"\n\t\t\t\n\t\t>\n<div class=\"siteorigin-widget-tinymce textwidget\">\n\t<p style=\"text-align: justify;\"><strong>EDUCACI\u00d3N<\/strong><\/p>\n<p>Licenciado en Derecho<\/p>\n<p>Universidad Contempor\u00e1nea<\/p>\n<p>Quer\u00e9taro, M\u00e9xico 1998<\/p>\n<p>Maestr\u00eda en Derecho<\/p>\n<p>University of Missouri \u2013 Kansas City<\/p>\n<p>Kansas City, Missouri 2003<\/p>\n<p>\u00a0<\/p>\n<p><strong>ADMISIONES<\/strong><\/p>\n<p>M\u00e9xico \u2013 2001<\/p>\n<p>Nueva York \u2013 2005<\/p>\n<p>Missouri \u2013 2005<\/p>\n<p>Texas - 2010<\/p>\n<p>\u00a0<\/p>\n<p><strong>ASOCIACIONES<\/strong><\/p>\n<p>Asociaci\u00f3n Americana de Abogados de Inmigraci\u00f3n<\/p>\n<p style=\"text-align: justify;\">\u00a0<\/p>\n<\/div>\n<\/div><\/div><\/div><\/div><div id=\"pgc-282-0-1\"  class=\"panel-grid-cell\" ><div id=\"panel-282-0-1-0\" class=\"so-panel widget widget_sow-editor panel-first-child panel-last-child\" data-index=\"2\" ><div style=\"text-align: left;\" data-title-color=\"#2d3142\" data-headings-color=\"#2d3142\" class=\"panel-widget-style panel-widget-style-for-282-0-1-0\" ><div\n\t\t\t\n\t\t\tclass=\"so-widget-sow-editor so-widget-sow-editor-base\"\n\t\t\t\n\t\t>\n<div class=\"siteorigin-widget-tinymce textwidget\">\n\t<p style=\"text-align: justify;\">Previo a la fundaci\u00f3n de su firma, el abogado Jos\u00e9 Barbeito trabaj\u00f3 como Abogado Asociado para la prestigiosa firma de abogados <em>Stinson Morrison Hecker<\/em> en las \u00e1reas de Derecho de Negocios e Inmigraci\u00f3n.<\/p>\n<p style=\"text-align: justify;\">\u00a0<\/p>\n<p style=\"text-align: justify;\">El abogado Barbeito ha solucionado cientos de casos de inmigraci\u00f3n y cuenta con amplia experiencia en diversos asuntos dentro del ramo, incluyendo Residencia Permanente (conocido como <em>Green Card<\/em>) ya sea por medio del proceso PERM o de parientes ciudadanos americanos o residentes permanentes, Visas de Inversionista E-2, Visas de Comerciante E-1, Visas de Trabajo TN por medio del TLC, Visas H-1B para Ocupaciones Especializadas, Visas L-1A para Transferencia de Ejecutivos o Gerentes y la Visa L-1B para Transferencia de Empleados con Conocimiento Especializado. Igualmente, el abogado Jos\u00e9 Barbeito ha asistido en numerosos casos de naturalizaci\u00f3n y ciudadan\u00eda derivada de los Estados Unidos.<\/p>\n<p style=\"text-align: justify;\">\u00a0<\/p>\n<p style=\"text-align: justify;\">Una particularidad del abogado Jos\u00e9 Barbeito es conocer la cultura y las necesidades de los clientes de habla hispana y entender ampliamente los aspectos legales tanto de empresas como de individuos en ambos lados de la frontera.<\/p>\n<p style=\"text-align: justify;\">\u00a0<\/p>\n<p style=\"text-align: justify;\">Si tiene un caso o duda de la ley de migraci\u00f3n de los Estados Unidos, no dude en contactarnos para una cita directamente con el abogado Jos\u00e9 Barbeito.<\/p>\n<p>\u00a0<\/p>\n<\/div>\n<\/div><\/div><\/div><\/div><\/div><\/div><\/div>","protected":false},"excerpt":{"rendered":"<p>EDUCACI\u00d3NLicenciado en DerechoUniversidad Contempor\u00e1neaQuer\u00e9taro, M\u00e9xico 1998Maestr\u00eda en DerechoUniversity of Missouri \u2013 Kansas CityKansas City, Missouri 2003\u00a0ADMISIONESM\u00e9xico \u2013 2001Nueva York \u2013&nbsp;[&hellip;]<\/p>\n","protected":false},"author":2,"featured_media":0,"parent":0,"menu_order":0,"comment_status":"closed","ping_status":"closed","template":"page-templates\/template_page-builder.php","meta":{"_exactmetrics_skip_tracking":false,"_exactmetrics_sitenote_active":false,"_exactmetrics_sitenote_note":"","_exactmetrics_sitenote_category":0,"footnotes":""},"class_list":["post-282","page","type-page","status-publish","hentry","post-item clearfix"],"aioseo_notices":[],"_links":{"self":[{"href":"https:\/\/barbeitolaw.com\/es\/wp-json\/wp\/v2\/pages\/282","targetHints":{"allow":["GET"]}}],"collection":[{"href":"https:\/\/barbeitolaw.com\/es\/wp-json\/wp\/v2\/pages"}],"about":[{"href":"https:\/\/barbeitolaw.com\/es\/wp-json\/wp\/v2\/types\/page"}],"author":[{"embeddable":true,"href":"https:\/\/barbeitolaw.com\/es\/wp-json\/wp\/v2\/users\/2"}],"replies":[{"embeddable":true,"href":"https:\/\/barbeitolaw.com\/es\/wp-json\/wp\/v2\/comments?post=282"}],"version-history":[{"count":0,"href":"https:\/\/barbeitolaw.com\/es\/wp-json\/wp\/v2\/pages\/282\/revisions"}],"wp:attachment":[{"href":"https:\/\/barbeitolaw.com\/es\/wp-json\/wp\/v2\/media?parent=282"}],"curies":[{"name":"wp","href":"https:\/\/api.w.org\/{rel}","templated":true}]}}