{"id":251,"date":"2017-02-08T00:04:43","date_gmt":"2017-02-08T00:04:43","guid":{"rendered":"https:\/\/fbz.225.mywebsitetransfer.com\/?page_id=251"},"modified":"2025-05-14T16:55:59","modified_gmt":"2025-05-14T16:55:59","slug":"inversionistas","status":"publish","type":"page","link":"https:\/\/barbeitolaw.com\/es\/inversionistas\/","title":{"rendered":"Inversionistas"},"content":{"rendered":"<div id=\"pl-251\"  class=\"panel-layout\" ><div id=\"pg-251-0\"  class=\"panel-grid panel-has-style\" ><div style=\"padding-top: 50px; padding-bottom: 50px; \" data-mobile-padding=\"50px\" data-overlay-color=\"#000000\" class=\"panel-row-style panel-row-style-for-251-0\" ><div id=\"pgc-251-0-0\"  class=\"panel-grid-cell\" ><div id=\"panel-251-0-0-0\" class=\"so-panel widget widget_sow-editor panel-first-child panel-last-child\" data-index=\"0\" ><div style=\"text-align: left;\" data-title-color=\"#2d3142\" data-headings-color=\"#2d3142\" class=\"panel-widget-style panel-widget-style-for-251-0-0-0\" ><div\n\t\t\t\n\t\t\tclass=\"so-widget-sow-editor so-widget-sow-editor-base\"\n\t\t\t\n\t\t>\n<div class=\"siteorigin-widget-tinymce textwidget\">\n\t<p style=\"text-align: center;\">Los inversionistas extranjeros que desean vivir en los Estados Unidos tienen la posibilidad de hacerlo obteniendo una visa de inversionista. En general, hay dos tipos de visa de inversionista que pueden solicitarse dependiendo del giro de la empresa y el monto de la inversi\u00f3n.<\/p>\n<\/div>\n<\/div><\/div><\/div><\/div><\/div><\/div><div id=\"pg-251-1\"  class=\"panel-grid panel-has-style\" ><div style=\"padding-top: 0px; padding-bottom: 0px; \" data-mobile-padding=\"50px\" data-overlay-color=\"#000000\" class=\"panel-row-style panel-row-style-for-251-1\" ><div id=\"pgc-251-1-0\"  class=\"panel-grid-cell\" ><div id=\"panel-251-1-0-0\" class=\"so-panel widget widget_sow-editor panel-first-child panel-last-child\" data-index=\"1\" ><div style=\"text-align: left;\" data-title-color=\"#2d3142\" data-headings-color=\"#2d3142\" class=\"panel-widget-style panel-widget-style-for-251-1-0-0\" ><div\n\t\t\t\n\t\t\tclass=\"so-widget-sow-editor so-widget-sow-editor-base\"\n\t\t\t\n\t\t><h3 class=\"widget-title\">Visa E<\/h3>\n<div class=\"siteorigin-widget-tinymce textwidget\">\n\t<\/div>\n<\/div><\/div><\/div><\/div><\/div><\/div><div id=\"pg-251-2\"  class=\"panel-grid panel-has-style\" ><div style=\"padding-top: 0px; padding-bottom: 0px; \" data-mobile-padding=\"50px\" data-overlay-color=\"#000000\" class=\"panel-row-style panel-row-style-for-251-2\" ><div id=\"pgc-251-2-0\"  class=\"panel-grid-cell\" ><div id=\"panel-251-2-0-0\" class=\"so-panel widget widget_sow-editor panel-first-child\" data-index=\"2\" ><div style=\"text-align: left;\" data-title-color=\"#2d3142\" data-headings-color=\"#2d3142\" class=\"panel-widget-style panel-widget-style-for-251-2-0-0\" ><div\n\t\t\t\n\t\t\tclass=\"so-widget-sow-editor so-widget-sow-editor-base\"\n\t\t\t\n\t\t>\n<div class=\"siteorigin-widget-tinymce textwidget\">\n\t<p style=\"text-align: justify;\">La visa E tiene como requisito b\u00e1sico la existencia de un tratado de comercio entre el pa\u00eds de nacionalidad del solicitante y los Estados Unidos. Hay dos tipos de visa E, la que se otorga a empresarios con un negocio orientado a la importaci\u00f3n y exportaci\u00f3n de productos y servicios a cualquier pa\u00eds, pero principalmente entre su pa\u00eds y Estados Unidos (Visa E-1), y la visa E-2 de inversionista por tratado, bajo la cual empresario viene a los Estados Unidos a desarrollar cualquier otra actividad empresarial a trav\u00e9s de una inversi\u00f3n substancial (Visa E-2).<\/p>\n<p style=\"text-align: justify;\">Esto es, la Visa E-1 busca promover el comercio internacional y la Visa E-2 la inversi\u00f3n extranjera en Estados Unidos.<\/p>\n<p style=\"text-align: justify;\">La Visa E-1 requiere que el intercambio comercial sea substancial. Esto es, que sea de un volumen y continuidad considerable. Adem\u00e1s, el intercambio de productos o servicios con el pa\u00eds del solicitante de la visa debe representar m\u00e1s del cincuenta por ciento de las operaciones de la compa\u00f1\u00eda. Finalmente, se requiere que el t\u00edtulo de los productos intercambiados cambie de una persona a otra en ventas de car\u00e1cter internacional.<\/p>\n<p>\u00a0<\/p>\n<\/div>\n<\/div><\/div><\/div><div id=\"panel-251-2-0-1\" class=\"so-panel widget widget_sow-editor\" data-index=\"3\" ><div style=\"text-align: left;\" data-title-color=\"#2d3142\" data-headings-color=\"#2d3142\" class=\"panel-widget-style panel-widget-style-for-251-2-0-1\" ><div\n\t\t\t\n\t\t\tclass=\"so-widget-sow-editor so-widget-sow-editor-base\"\n\t\t\t\n\t\t>\n<div class=\"siteorigin-widget-tinymce textwidget\">\n\t<p style=\"text-align: justify;\">Para la visa E-2 la ley no establece un monto m\u00ednimo de inversi\u00f3n, pero requiere que \u00e9sta sea substancial. Una inversi\u00f3n substancial es aquella que asegura el \u00e9xito de las operaciones de la empresa. En estos casos, el porcentaje de inversi\u00f3n en una empresa con bajos costos de establecimiento y operaci\u00f3n, deber\u00e1 ser mayor al de una empresa con altos costos de inversi\u00f3n. Adem\u00e1s, la inversi\u00f3n no puede ser pasiva. Esto quiere decir que el inversionista no puede simplemente invertir en negocios de escasa operaci\u00f3n, como la adquisici\u00f3n de un inmueble para ser arrendado o la apertura de una cuenta de ahorros. Se debe establecer un negocio con una operaci\u00f3n real y no de especulaci\u00f3n. De igual forma, la inversi\u00f3n no puede ser marginal. Lo cual requiere que las utilidades de la empresa no solo sirvan para sostener a la familia del inversionista, sino que tambi\u00e9n, debe generar empleo y tener un impacto positivo en el lugar donde se establece el negocio.<\/p>\n<p>\u00a0<\/p>\n<p>\u00a0<\/p>\n<\/div>\n<\/div><\/div><\/div><div id=\"panel-251-2-0-2\" class=\"so-panel widget widget_sow-editor panel-last-child\" data-index=\"4\" ><div style=\"text-align: left;\" data-title-color=\"#2d3142\" data-headings-color=\"#2d3142\" class=\"panel-widget-style panel-widget-style-for-251-2-0-2\" ><div\n\t\t\t\n\t\t\tclass=\"so-widget-sow-editor so-widget-sow-editor-base\"\n\t\t\t\n\t\t>\n<div class=\"siteorigin-widget-tinymce textwidget\">\n\t<p style=\"text-align: justify;\">En ambos casos, el titular de una visa E puede renovar la visa de manera indefinida, siempre y cuando siga cumpliendo con los requisitos de la visa. Adem\u00e1s, puede emplear a otros ciudadanos de su misma nacionalidad para que bajo la clasificaci\u00f3n de visa E trabajen en su empresa en puestos ejecutivos o alta especializaci\u00f3n. La visa E incluye al c\u00f3nyuge e hijos (solteros y menores de 21 a\u00f1os) del titular de la visa.<\/p>\n<p style=\"text-align: justify;\">Un beneficio particular de la visa E es que permite al c\u00f3nyuge del titular de la visa trabajar en cualquier empleo en los Estados Unidos, adem\u00e1s que sus hijos pueden asistir a escuela p\u00fablica del distrito escolar que les corresponda.<\/p>\n<\/div>\n<\/div><\/div><\/div><\/div><\/div><\/div><div id=\"pg-251-3\"  class=\"panel-grid panel-has-style\" ><div style=\"padding-top: 0px; padding-bottom: 0px; \" data-mobile-padding=\"50px\" data-overlay-color=\"#000000\" class=\"panel-row-style panel-row-style-for-251-3\" ><div id=\"pgc-251-3-0\"  class=\"panel-grid-cell\" ><div id=\"panel-251-3-0-0\" class=\"so-panel widget widget_sow-editor panel-first-child panel-last-child\" data-index=\"5\" ><div style=\"text-align: left;\" data-title-color=\"#2d3142\" data-headings-color=\"#2d3142\" class=\"panel-widget-style panel-widget-style-for-251-3-0-0\" ><div\n\t\t\t\n\t\t\tclass=\"so-widget-sow-editor so-widget-sow-editor-base\"\n\t\t\t\n\t\t><h3 class=\"widget-title\">Visa EB-5<\/h3>\n<div class=\"siteorigin-widget-tinymce textwidget\">\n\t<\/div>\n<\/div><\/div><\/div><\/div><\/div><\/div><div id=\"pg-251-4\"  class=\"panel-grid panel-has-style\" ><div style=\"padding-top: 0px; padding-bottom: 0px; \" data-mobile-padding=\"50px\" data-overlay-color=\"#000000\" class=\"panel-row-style panel-row-style-for-251-4\" ><div id=\"pgc-251-4-0\"  class=\"panel-grid-cell\" ><div id=\"panel-251-4-0-0\" class=\"so-panel widget widget_sow-editor panel-first-child\" data-index=\"6\" ><div style=\"text-align: left;\" data-title-color=\"#2d3142\" data-headings-color=\"#2d3142\" class=\"panel-widget-style panel-widget-style-for-251-4-0-0\" ><div\n\t\t\t\n\t\t\tclass=\"so-widget-sow-editor so-widget-sow-editor-base\"\n\t\t\t\n\t\t>\n<div class=\"siteorigin-widget-tinymce textwidget\">\n\t<p style=\"text-align: justify;\">Una forma de migrar a los Estados Unidos de manera permanente, es realizar una inversi\u00f3n bajo el programa E-B5. La inversi\u00f3n m\u00ednima requerida es de un mill\u00f3n de d\u00f3lares o bien, de medio mill\u00f3n de d\u00f3lares en una zona rural o de alto desempleo de los Estados Unidos. A diferencia de la visa E, que es una visa temporal y de no migrante, la visa E-B5 le permite despu\u00e9s de un periodo de prueba de dos a\u00f1os, obtener la Residencia Permanente de los Estados Unidos. En general, un residente permanente tiene los mismos derechos que un ciudadano americano; excepto votar y acceder a ciertos puestos de trabajo en el gobierno americano.<\/p>\n<\/div>\n<\/div><\/div><\/div><div id=\"panel-251-4-0-1\" class=\"so-panel widget widget_sow-editor\" data-index=\"7\" ><div style=\"text-align: left;\" data-title-color=\"#2d3142\" data-headings-color=\"#2d3142\" class=\"panel-widget-style panel-widget-style-for-251-4-0-1\" ><div\n\t\t\t\n\t\t\tclass=\"so-widget-sow-editor so-widget-sow-editor-base\"\n\t\t\t\n\t\t>\n<div class=\"siteorigin-widget-tinymce textwidget\">\n\t<p style=\"text-align: justify;\">Es posible realizar la inversi\u00f3n requerida en una empresa de nueva creaci\u00f3n, en una empresa existente (pero que atraviesa problemas econ\u00f3micos), o en un Centro Regional; este \u00faltimo es una empresa previamente autorizada por las autoridades migratorias para recibir su inversi\u00f3n.<\/p>\n<p style=\"text-align: justify;\">Si el inversionista desea establecer su propia compa\u00f1\u00eda, es necesario que personalmente dirija las operaciones de la empresa. Adem\u00e1s de la inversi\u00f3n, tambi\u00e9n debe generar diez empleos de tiempo completo para ciudadanos americanos o residentes permanentes. Estos \u00faltimos requisitos, hacen que la creaci\u00f3n de una nueva empresa para hacer la inversi\u00f3n, sea poco atractivo. De hecho, casi el noventa por ciento de los inversionistas eligen realizar su inversi\u00f3n en un Centro Regional.<\/p>\n<\/div>\n<\/div><\/div><\/div><div id=\"panel-251-4-0-2\" class=\"so-panel widget widget_sow-editor panel-last-child\" data-index=\"8\" ><div style=\"text-align: left;\" data-title-color=\"#2d3142\" data-headings-color=\"#2d3142\" class=\"panel-widget-style panel-widget-style-for-251-4-0-2\" ><div\n\t\t\t\n\t\t\tclass=\"so-widget-sow-editor so-widget-sow-editor-base\"\n\t\t\t\n\t\t>\n<div class=\"siteorigin-widget-tinymce textwidget\">\n\t<p style=\"text-align: justify;\">Al igual que en una inversi\u00f3n por cuenta propia, la inversi\u00f3n en el Centro Regional tambi\u00e9n debe generar diez empleos de tiempo completo para ciudadanos americanos o residentes permanentes. Sin embargo, debido a que los Centros Regionales manejan proyectos de gran tama\u00f1o, puede ser m\u00e1s f\u00e1cil para el Centro Regional demostrar la generaci\u00f3n de dichos empleos. Otra ventaja de hacer la inversi\u00f3n en el Centro Regional es que el inversionista no est\u00e1 obligado a participar en la direcci\u00f3n de la empresa y tiene la libertad de vivir en cualquier estado de los Estados Unidos, sin importar donde est\u00e9 ubicado el Centro Regional. El inversionista solo est\u00e1 obligado a mantener su inversi\u00f3n en el Centro Regional durante el periodo de prueba de dos a\u00f1os.<\/p>\n<p class=\"p0-1\" style=\"text-align: justify;\">Los solicitantes de una visa E-B5 deben probar de manera exhaustiva y clara el originen del dinero a invertir. Esto es un aspecto clave de todo caso E-B5.<\/p>\n<\/div>\n<\/div><\/div><\/div><\/div><\/div><\/div><\/div>","protected":false},"excerpt":{"rendered":"<p>Los inversionistas extranjeros que desean vivir en los Estados Unidos tienen la posibilidad de hacerlo obteniendo una visa de inversionista.&nbsp;[&hellip;]<\/p>\n","protected":false},"author":2,"featured_media":0,"parent":0,"menu_order":0,"comment_status":"closed","ping_status":"closed","template":"","meta":{"_exactmetrics_skip_tracking":false,"_exactmetrics_sitenote_active":false,"_exactmetrics_sitenote_note":"","_exactmetrics_sitenote_category":0,"footnotes":""},"class_list":["post-251","page","type-page","status-publish","hentry","post-item clearfix"],"aioseo_notices":[],"_links":{"self":[{"href":"https:\/\/barbeitolaw.com\/es\/wp-json\/wp\/v2\/pages\/251","targetHints":{"allow":["GET"]}}],"collection":[{"href":"https:\/\/barbeitolaw.com\/es\/wp-json\/wp\/v2\/pages"}],"about":[{"href":"https:\/\/barbeitolaw.com\/es\/wp-json\/wp\/v2\/types\/page"}],"author":[{"embeddable":true,"href":"https:\/\/barbeitolaw.com\/es\/wp-json\/wp\/v2\/users\/2"}],"replies":[{"embeddable":true,"href":"https:\/\/barbeitolaw.com\/es\/wp-json\/wp\/v2\/comments?post=251"}],"version-history":[{"count":0,"href":"https:\/\/barbeitolaw.com\/es\/wp-json\/wp\/v2\/pages\/251\/revisions"}],"wp:attachment":[{"href":"https:\/\/barbeitolaw.com\/es\/wp-json\/wp\/v2\/media?parent=251"}],"curies":[{"name":"wp","href":"https:\/\/api.w.org\/{rel}","templated":true}]}}