{"id":249,"date":"2017-02-08T00:04:27","date_gmt":"2017-02-08T00:04:27","guid":{"rendered":"https:\/\/fbz.225.mywebsitetransfer.com\/?page_id=249"},"modified":"2025-04-16T23:42:06","modified_gmt":"2025-04-16T23:42:06","slug":"ciudadania","status":"publish","type":"page","link":"https:\/\/barbeitolaw.com\/es\/ciudadania\/","title":{"rendered":"Ciudadan\u00eda"},"content":{"rendered":"<div id=\"pl-249\"  class=\"panel-layout\" ><div id=\"pg-249-0\"  class=\"panel-grid panel-has-style\" ><div style=\"padding-top: 0px; padding-bottom: 0px; \" data-mobile-padding=\"50px\" data-overlay-color=\"#000000\" class=\"panel-row-style panel-row-style-for-249-0\" ><div id=\"pgc-249-0-0\"  class=\"panel-grid-cell\" ><div id=\"panel-249-0-0-0\" class=\"so-panel widget widget_sow-editor panel-first-child panel-last-child\" data-index=\"0\" ><div style=\"text-align: left;\" data-title-color=\"#2d3142\" data-headings-color=\"#2d3142\" class=\"panel-widget-style panel-widget-style-for-249-0-0-0\" ><div\n\t\t\t\n\t\t\tclass=\"so-widget-sow-editor so-widget-sow-editor-base\"\n\t\t\t\n\t\t>\n<div class=\"siteorigin-widget-tinymce textwidget\">\n\t<span class=\"\" style=\"display:block;clear:both;height: 0px;padding-top: 50px;border-top-width:0px;border-bottom-width:0px;\"><\/span>\n<\/div>\n<\/div><\/div><\/div><\/div><\/div><\/div><div id=\"pg-249-1\"  class=\"panel-grid panel-has-style\" ><div style=\"padding-top: 0px; padding-bottom: 0px; \" data-mobile-padding=\"50px\" data-overlay-color=\"#000000\" class=\"panel-row-style panel-row-style-for-249-1\" ><div id=\"pgc-249-1-0\"  class=\"panel-grid-cell\" ><div id=\"panel-249-1-0-0\" class=\"so-panel widget widget_sow-image panel-first-child\" data-index=\"1\" ><div style=\"text-align: left;\" data-title-color=\"#2d3142\" data-headings-color=\"#2d3142\" class=\"panel-widget-style panel-widget-style-for-249-1-0-0\" ><div\n\t\t\t\n\t\t\tclass=\"so-widget-sow-image so-widget-sow-image-default-c4f6304fc136-249\"\n\t\t\t\n\t\t>\n<div class=\"sow-image-container\">\n\t\t<img \n\tsrc=\"https:\/\/barbeitolaw.com\/wp-content\/uploads\/2017\/02\/empresarios-4.jpg\" width=\"2000\" height=\"1334\" srcset=\"https:\/\/barbeitolaw.com\/wp-content\/uploads\/2017\/02\/empresarios-4.jpg 2000w, https:\/\/barbeitolaw.com\/wp-content\/uploads\/2017\/02\/empresarios-4-300x200.jpg 300w, https:\/\/barbeitolaw.com\/wp-content\/uploads\/2017\/02\/empresarios-4-1024x683.jpg 1024w, https:\/\/barbeitolaw.com\/wp-content\/uploads\/2017\/02\/empresarios-4-768x512.jpg 768w, https:\/\/barbeitolaw.com\/wp-content\/uploads\/2017\/02\/empresarios-4-1536x1025.jpg 1536w, https:\/\/barbeitolaw.com\/wp-content\/uploads\/2017\/02\/empresarios-4-18x12.jpg 18w, https:\/\/barbeitolaw.com\/wp-content\/uploads\/2017\/02\/empresarios-4-200x133.jpg 200w, https:\/\/barbeitolaw.com\/wp-content\/uploads\/2017\/02\/empresarios-4-690x460.jpg 690w, https:\/\/barbeitolaw.com\/wp-content\/uploads\/2017\/02\/empresarios-4-272x182.jpg 272w\" sizes=\"(max-width: 2000px) 100vw, 2000px\" title=\"empresarios 4\" alt=\"\" \t\tclass=\"so-widget-image\"\/>\n\t<\/div>\n\n<\/div><\/div><\/div><div id=\"panel-249-1-0-1\" class=\"so-panel widget widget_sow-editor\" data-index=\"2\" ><div style=\"text-align: left;\" data-title-color=\"#2d3142\" data-headings-color=\"#2d3142\" class=\"panel-widget-style panel-widget-style-for-249-1-0-1\" ><div\n\t\t\t\n\t\t\tclass=\"so-widget-sow-editor so-widget-sow-editor-base\"\n\t\t\t\n\t\t>\n<div class=\"siteorigin-widget-tinymce textwidget\">\n\t<span class=\"\" style=\"display:block;clear:both;height: 0px;padding-top: 100px;border-top-width:0px;border-bottom-width:0px;\"><\/span>\n<\/div>\n<\/div><\/div><\/div><div id=\"panel-249-1-0-2\" class=\"so-panel widget widget_sow-editor panel-last-child\" data-index=\"3\" ><div style=\"text-align: left;\" data-title-color=\"#2d3142\" data-headings-color=\"#2d3142\" class=\"panel-widget-style panel-widget-style-for-249-1-0-2\" ><div\n\t\t\t\n\t\t\tclass=\"so-widget-sow-editor so-widget-sow-editor-base\"\n\t\t\t\n\t\t><h3 class=\"widget-title\">Naturalizaci\u00f3n<\/h3>\n<div class=\"siteorigin-widget-tinymce textwidget\">\n\t<p style=\"text-align: justify;\">Cuando un residente permanente desea solicitar la ciudadan\u00eda americana, lo hace a trav\u00e9s de un proceso de naturalizaci\u00f3n. Los requisitos b\u00e1sicos de naturalizaci\u00f3n son los siguientes:<\/p>\n<ul style=\"text-align: justify;\">\n<li>Ser residente permanente por los \u00faltimos cinco a\u00f1os.<\/li>\n<li>Haber pagado a tiempo todos los impuestos y manutenci\u00f3n de los hijos (de ser el caso).<\/li>\n<li>No tener ninguna convicci\u00f3n por delito en los \u00faltimos 5 a\u00f1os.<\/li>\n<li>Haber terminado exitosamente cualquier programa de supervisi\u00f3n de corte, como <em>probation<\/em> o cualquier otro antes de presentar su solicitud de naturalizaci\u00f3n.<\/li>\n<li>Entender un m\u00ednimo de ingl\u00e9s (por ejemplo, entender las preguntas de la solicitud y el examen).<\/li>\n<li>Para los hombres que se hicieron residentes permanentes entre los 18 a\u00f1os y 26 a\u00f1os de edad, haberse registrado en el Servicio Selectivo.<\/li>\n<\/ul>\n<p style=\"text-align: justify;\">Es importante notar que existe algunas personas, como los c\u00f3nyuges de ciudadanos americanos, que pueden estar exentos de alguno de los requisitos mencionados en el p\u00e1rrafo anterior.<\/p>\n<\/div>\n<\/div><\/div><\/div><\/div><\/div><\/div><div id=\"pg-249-2\"  class=\"panel-grid panel-has-style\" ><div style=\"padding-top: 0px; padding-bottom: 0px; \" data-mobile-padding=\"50px\" data-overlay-color=\"#000000\" class=\"panel-row-style panel-row-style-for-249-2\" ><div id=\"pgc-249-2-0\"  class=\"panel-grid-cell\" ><div id=\"panel-249-2-0-0\" class=\"so-panel widget widget_sow-editor panel-first-child\" data-index=\"4\" ><div style=\"text-align: left;\" data-title-color=\"#2d3142\" data-headings-color=\"#2d3142\" class=\"panel-widget-style panel-widget-style-for-249-2-0-0\" ><div\n\t\t\t\n\t\t\tclass=\"so-widget-sow-editor so-widget-sow-editor-base\"\n\t\t\t\n\t\t>\n<div class=\"siteorigin-widget-tinymce textwidget\">\n\t<span class=\"\" style=\"display:block;clear:both;height: 0px;padding-top: 100px;border-top-width:0px;border-bottom-width:0px;\"><\/span>\n<\/div>\n<\/div><\/div><\/div><div id=\"panel-249-2-0-1\" class=\"so-panel widget widget_sow-image\" data-index=\"5\" ><div style=\"text-align: left;\" data-title-color=\"#2d3142\" data-headings-color=\"#2d3142\" class=\"panel-widget-style panel-widget-style-for-249-2-0-1\" ><div\n\t\t\t\n\t\t\tclass=\"so-widget-sow-image so-widget-sow-image-default-c4f6304fc136-249\"\n\t\t\t\n\t\t>\n<div class=\"sow-image-container\">\n\t\t<img \n\tsrc=\"https:\/\/barbeitolaw.com\/wp-content\/uploads\/2016\/09\/BUSINESS-e1486592461181.jpg\" width=\"1200\" height=\"792\" srcset=\"https:\/\/barbeitolaw.com\/wp-content\/uploads\/2016\/09\/BUSINESS-e1486592461181.jpg 1200w, https:\/\/barbeitolaw.com\/wp-content\/uploads\/2016\/09\/BUSINESS-e1486592461181-300x198.jpg 300w, https:\/\/barbeitolaw.com\/wp-content\/uploads\/2016\/09\/BUSINESS-e1486592461181-1024x676.jpg 1024w, https:\/\/barbeitolaw.com\/wp-content\/uploads\/2016\/09\/BUSINESS-e1486592461181-768x507.jpg 768w, https:\/\/barbeitolaw.com\/wp-content\/uploads\/2016\/09\/BUSINESS-e1486592461181-18x12.jpg 18w, https:\/\/barbeitolaw.com\/wp-content\/uploads\/2016\/09\/BUSINESS-e1486592461181-200x132.jpg 200w, https:\/\/barbeitolaw.com\/wp-content\/uploads\/2016\/09\/BUSINESS-e1486592461181-690x455.jpg 690w\" sizes=\"(max-width: 1200px) 100vw, 1200px\" title=\"BUSINESS\" alt=\"\" \t\tclass=\"so-widget-image\"\/>\n\t<\/div>\n\n<\/div><\/div><\/div><div id=\"panel-249-2-0-2\" class=\"so-panel widget widget_sow-editor\" data-index=\"6\" ><div style=\"text-align: left;\" data-title-color=\"#2d3142\" data-headings-color=\"#2d3142\" class=\"panel-widget-style panel-widget-style-for-249-2-0-2\" ><div\n\t\t\t\n\t\t\tclass=\"so-widget-sow-editor so-widget-sow-editor-base\"\n\t\t\t\n\t\t>\n<div class=\"siteorigin-widget-tinymce textwidget\">\n\t<span class=\"\" style=\"display:block;clear:both;height: 0px;padding-top: 100px;border-top-width:0px;border-bottom-width:0px;\"><\/span>\n<\/div>\n<\/div><\/div><\/div><div id=\"panel-249-2-0-3\" class=\"so-panel widget widget_sow-editor panel-last-child\" data-index=\"7\" ><div style=\"text-align: left;\" data-title-color=\"#2d3142\" data-headings-color=\"#2d3142\" class=\"panel-widget-style panel-widget-style-for-249-2-0-3\" ><div\n\t\t\t\n\t\t\tclass=\"so-widget-sow-editor so-widget-sow-editor-base\"\n\t\t\t\n\t\t><h3 class=\"widget-title\">Nacionalidad<\/h3>\n<div class=\"siteorigin-widget-tinymce textwidget\">\n\t<p style=\"text-align: justify;\">En ciertos casos, es posible obtener la nacionalidad americana si alguno de sus padres es ciudadano americano. Las reglas que rigen la obtenci\u00f3n de la nacionalidad por parte de los padres han cambiado con los a\u00f1os. Por tanto, es necesario determinar qu\u00e9 ley de nacionalidad le es aplicable. En general, hay dos aspectos importantes en cada caso de nacionalidad derivada, la legitimaci\u00f3n y la presencia f\u00edsica de los padres en los Estados Unidos antes del nacimiento del solicitante.<\/p>\n<p style=\"text-align: justify;\">A efecto de facilitar la obtenci\u00f3n de la ciudadan\u00eda americana para hijos de ciudadanos americanos que residen en el extranjero y cuyos padres no cubren los requisitos de presencia f\u00edsica en los Estados Unidos, se permite cubrir el requisito de presencia f\u00edsica a trav\u00e9s de alg\u00fan abuelo ciudadano americano que s\u00ed cubra el requisito de presencia f\u00edsica.<\/p>\n<p style=\"text-align: justify;\">Como puede ver, la obtenci\u00f3n derivada de la nacionalidad americana es un tema complejo que requiere el consejo de un abogado con experiencia en casos de ciudadan\u00eda derivada. Por favor no dude en contactarnos si considera que usted o sus hijos califican para este beneficio de nacionalidad.<\/p>\n<\/div>\n<\/div><\/div><\/div><\/div><\/div><\/div><div id=\"pg-249-3\"  class=\"panel-grid panel-has-style\" ><div style=\"padding-top: 0px; padding-bottom: 0px; \" data-mobile-padding=\"50px\" data-overlay-color=\"#000000\" class=\"panel-row-style panel-row-style-for-249-3\" ><div id=\"pgc-249-3-0\"  class=\"panel-grid-cell\" ><div id=\"panel-249-3-0-0\" class=\"so-panel widget widget_sow-image panel-first-child\" data-index=\"8\" ><div style=\"text-align: left;\" data-title-color=\"#2d3142\" data-headings-color=\"#2d3142\" class=\"panel-widget-style panel-widget-style-for-249-3-0-0\" ><div\n\t\t\t\n\t\t\tclass=\"so-widget-sow-image so-widget-sow-image-default-c4f6304fc136-249\"\n\t\t\t\n\t\t>\n<div class=\"sow-image-container\">\n\t\t<img \n\tsrc=\"https:\/\/barbeitolaw.com\/wp-content\/uploads\/2017\/02\/barbeito-elegibilidad.jpg\" width=\"827\" height=\"591\" srcset=\"https:\/\/barbeitolaw.com\/wp-content\/uploads\/2017\/02\/barbeito-elegibilidad.jpg 827w, https:\/\/barbeitolaw.com\/wp-content\/uploads\/2017\/02\/barbeito-elegibilidad-300x214.jpg 300w, https:\/\/barbeitolaw.com\/wp-content\/uploads\/2017\/02\/barbeito-elegibilidad-768x549.jpg 768w, https:\/\/barbeitolaw.com\/wp-content\/uploads\/2017\/02\/barbeito-elegibilidad-18x12.jpg 18w, https:\/\/barbeitolaw.com\/wp-content\/uploads\/2017\/02\/barbeito-elegibilidad-200x143.jpg 200w, https:\/\/barbeitolaw.com\/wp-content\/uploads\/2017\/02\/barbeito-elegibilidad-690x493.jpg 690w\" sizes=\"(max-width: 827px) 100vw, 827px\" title=\"barbeito elegibilidad\" alt=\"\" \t\tclass=\"so-widget-image\"\/>\n\t<\/div>\n\n<\/div><\/div><\/div><div id=\"panel-249-3-0-1\" class=\"so-panel widget widget_sow-editor\" data-index=\"9\" ><div style=\"text-align: left;\" data-title-color=\"#2d3142\" data-headings-color=\"#2d3142\" class=\"panel-widget-style panel-widget-style-for-249-3-0-1\" ><div\n\t\t\t\n\t\t\tclass=\"so-widget-sow-editor so-widget-sow-editor-base\"\n\t\t\t\n\t\t>\n<div class=\"siteorigin-widget-tinymce textwidget\">\n\t<span class=\"\" style=\"display:block;clear:both;height: 0px;padding-top: 100px;border-top-width:0px;border-bottom-width:0px;\"><\/span>\n<\/div>\n<\/div><\/div><\/div><div id=\"panel-249-3-0-2\" class=\"so-panel widget widget_sow-editor panel-last-child\" data-index=\"10\" ><div style=\"text-align: left;\" data-title-color=\"#2d3142\" data-headings-color=\"#2d3142\" class=\"panel-widget-style panel-widget-style-for-249-3-0-2\" ><div\n\t\t\t\n\t\t\tclass=\"so-widget-sow-editor so-widget-sow-editor-base\"\n\t\t\t\n\t\t><h3 class=\"widget-title\">Elegibilidad<\/h3>\n<div class=\"siteorigin-widget-tinymce textwidget\">\n\t<p style=\"text-align: justify;\">Nosotros podemos orientarlo en cuanto a su elegibilidad y el proceso de naturalizaci\u00f3n o nacionalidad. Al ser entrevistado directamente por uno de nuestros abogados, usted tendr\u00e1 la confianza de saber que est\u00e1 siendo aconsejado por un profesional y que su solicitud ser\u00e1 enviada s\u00f3lo despu\u00e9s de revisar que se cumplen con los requisitos para el tr\u00e1mite de naturalizaci\u00f3n o nacionalidad.<\/p>\n<p style=\"text-align: justify;\">Para m\u00e1s informaci\u00f3n, por favor cont\u00e1ctenos a <a href=\"mailto:jose@barbeitolaw.com\">jose@barbeitolaw.com<\/a><\/p>\n<\/div>\n<\/div><\/div><\/div><\/div><\/div><\/div><\/div>","protected":false},"excerpt":{"rendered":"<p>Cuando un residente permanente desea solicitar la ciudadan\u00eda americana, lo hace a trav\u00e9s de un proceso de naturalizaci\u00f3n. Los requisitos&nbsp;[&hellip;]<\/p>\n","protected":false},"author":2,"featured_media":0,"parent":0,"menu_order":0,"comment_status":"closed","ping_status":"closed","template":"","meta":{"_exactmetrics_skip_tracking":false,"_exactmetrics_sitenote_active":false,"_exactmetrics_sitenote_note":"","_exactmetrics_sitenote_category":0,"footnotes":""},"class_list":["post-249","page","type-page","status-publish","hentry","post-item clearfix"],"aioseo_notices":[],"_links":{"self":[{"href":"https:\/\/barbeitolaw.com\/es\/wp-json\/wp\/v2\/pages\/249","targetHints":{"allow":["GET"]}}],"collection":[{"href":"https:\/\/barbeitolaw.com\/es\/wp-json\/wp\/v2\/pages"}],"about":[{"href":"https:\/\/barbeitolaw.com\/es\/wp-json\/wp\/v2\/types\/page"}],"author":[{"embeddable":true,"href":"https:\/\/barbeitolaw.com\/es\/wp-json\/wp\/v2\/users\/2"}],"replies":[{"embeddable":true,"href":"https:\/\/barbeitolaw.com\/es\/wp-json\/wp\/v2\/comments?post=249"}],"version-history":[{"count":0,"href":"https:\/\/barbeitolaw.com\/es\/wp-json\/wp\/v2\/pages\/249\/revisions"}],"wp:attachment":[{"href":"https:\/\/barbeitolaw.com\/es\/wp-json\/wp\/v2\/media?parent=249"}],"curies":[{"name":"wp","href":"https:\/\/api.w.org\/{rel}","templated":true}]}}