{"id":247,"date":"2017-02-08T00:04:08","date_gmt":"2017-02-08T00:04:08","guid":{"rendered":"https:\/\/fbz.225.mywebsitetransfer.com\/?page_id=247"},"modified":"2025-04-16T23:36:20","modified_gmt":"2025-04-16T23:36:20","slug":"trabajo","status":"publish","type":"page","link":"https:\/\/barbeitolaw.com\/es\/trabajo\/","title":{"rendered":"Trabajo"},"content":{"rendered":"<div id=\"pl-247\"  class=\"panel-layout\" ><div id=\"pg-247-0\"  class=\"panel-grid panel-has-style\" ><div style=\"padding-top: 50px; padding-bottom: 50px; \" data-mobile-padding=\"50px\" data-overlay-color=\"#000000\" class=\"panel-row-style panel-row-style-for-247-0\" ><div id=\"pgc-247-0-0\"  class=\"panel-grid-cell\" ><div id=\"panel-247-0-0-0\" class=\"so-panel widget widget_sow-editor panel-first-child panel-last-child\" data-index=\"0\" ><div style=\"text-align: left;\" data-title-color=\"#2d3142\" data-headings-color=\"#2d3142\" class=\"panel-widget-style panel-widget-style-for-247-0-0-0\" ><div\n\t\t\t\n\t\t\tclass=\"so-widget-sow-editor so-widget-sow-editor-base\"\n\t\t\t\n\t\t>\n<div class=\"siteorigin-widget-tinymce textwidget\">\n\t<p style=\"text-align: center;\">Podemos asistirle con la asesor\u00eda y el tr\u00e1mite \u00e1gil y profesional de los siguientes tipos de visa de trabajo:<\/p>\n<hr \/>\n<p style=\"text-align: center;\">Para m\u00e1s informaci\u00f3n, cont\u00e1ctenos a jose@barbeitolaw.com<\/p>\n<\/div>\n<\/div><\/div><\/div><\/div><\/div><\/div><div id=\"pg-247-1\"  class=\"panel-grid panel-has-style\" ><div style=\"padding-top: 0px; padding-bottom: 0px; \" data-mobile-padding=\"50px\" data-overlay-color=\"#000000\" class=\"panel-row-style panel-row-style-for-247-1\" ><div id=\"pgc-247-1-0\"  class=\"panel-grid-cell\" ><div id=\"panel-247-1-0-0\" class=\"so-panel widget widget_sow-editor panel-first-child panel-last-child\" data-index=\"1\" ><div style=\"text-align: left;\" data-title-color=\"#2d3142\" data-headings-color=\"#2d3142\" class=\"panel-widget-style panel-widget-style-for-247-1-0-0\" ><div\n\t\t\t\n\t\t\tclass=\"so-widget-sow-editor so-widget-sow-editor-base\"\n\t\t\t\n\t\t>\n<div class=\"siteorigin-widget-tinymce textwidget\">\n\t<\/div>\n<\/div><\/div><\/div><\/div><\/div><\/div><div id=\"pg-247-2\"  class=\"panel-grid panel-has-style\" ><div style=\"padding-top: 0px; padding-bottom: 0px; \" data-mobile-padding=\"50px\" data-overlay-color=\"#000000\" class=\"panel-row-style panel-row-style-for-247-2\" ><div id=\"pgc-247-2-0\"  class=\"panel-grid-cell\" ><div id=\"panel-247-2-0-0\" class=\"so-panel widget widget_sow-editor panel-first-child\" data-index=\"2\" ><div style=\"text-align: left;\" data-title-color=\"#2d3142\" data-headings-color=\"#2d3142\" class=\"panel-widget-style panel-widget-style-for-247-2-0-0\" ><div\n\t\t\t\n\t\t\tclass=\"so-widget-sow-editor so-widget-sow-editor-base\"\n\t\t\t\n\t\t>\n<div class=\"siteorigin-widget-tinymce textwidget\">\n\t<h3 style=\"text-align: center;\">Visa TN<\/h3>\n<\/div>\n<\/div><\/div><\/div><div id=\"panel-247-2-0-1\" class=\"so-panel widget widget_sow-editor panel-last-child\" data-index=\"3\" ><div style=\"text-align: left;\" data-title-color=\"#2d3142\" data-headings-color=\"#2d3142\" class=\"panel-widget-style panel-widget-style-for-247-2-0-1\" ><div\n\t\t\t\n\t\t\tclass=\"so-widget-sow-editor so-widget-sow-editor-base\"\n\t\t\t\n\t\t>\n<div class=\"siteorigin-widget-tinymce textwidget\">\n\t<p style=\"text-align: justify;\">Esta visa nace del tratado de libre comercio en entre M\u00e9xico, Canad\u00e1 y Estados Unidos (TLC). La Visa TN est\u00e1 dirigida principalmente a profesionistas de ciertos ramos espec\u00edficamente listados en el tratado. Una de las ventajas de la Visa TN es que el proceso de solicitud es bastante \u00e1gil y en general, m\u00e1s econ\u00f3mico que el de otras visas de empleo. La Visa TN no requiere aprobaci\u00f3n del Servicio de Inmigraci\u00f3n y Ciudadan\u00eda de los Estados Unidos, conocido en ingl\u00e9s por las siglas \u201cUSCIS\u201d y puede ser tramitada directamente en el consulado americano m\u00e1s cercano a su domicilio en M\u00e9xico. Para los ciudadanos mexicanos, la duraci\u00f3n de la visa es de un a\u00f1o, pero puede renovarse indefinidamente siempre y cuando as\u00ed lo justifique la empresa solicitante.<\/p>\n<\/div>\n<\/div><\/div><\/div><\/div><\/div><\/div><div id=\"pg-247-3\"  class=\"panel-grid panel-has-style\" ><div style=\"padding-top: 0px; padding-bottom: 0px; \" data-mobile-padding=\"50px\" data-overlay-color=\"#000000\" class=\"panel-row-style panel-row-style-for-247-3\" ><div id=\"pgc-247-3-0\"  class=\"panel-grid-cell\" ><div id=\"panel-247-3-0-0\" class=\"so-panel widget widget_sow-editor panel-first-child panel-last-child\" data-index=\"4\" ><div style=\"text-align: left;\" data-title-color=\"#2d3142\" data-headings-color=\"#2d3142\" class=\"panel-widget-style panel-widget-style-for-247-3-0-0\" ><div\n\t\t\t\n\t\t\tclass=\"so-widget-sow-editor so-widget-sow-editor-base\"\n\t\t\t\n\t\t>\n<div class=\"siteorigin-widget-tinymce textwidget\">\n\t<p>\u00a0<\/p>\n<hr \/>\n<p>\u00a0<\/p>\n<\/div>\n<\/div><\/div><\/div><\/div><\/div><\/div><div id=\"pg-247-4\"  class=\"panel-grid panel-has-style\" ><div style=\"padding-top: 0px; padding-bottom: 0px; \" data-mobile-padding=\"50px\" data-overlay-color=\"#000000\" class=\"panel-row-style panel-row-style-for-247-4\" ><div id=\"pgc-247-4-0\"  class=\"panel-grid-cell\" ><div id=\"panel-247-4-0-0\" class=\"so-panel widget widget_sow-editor panel-first-child\" data-index=\"5\" ><div style=\"text-align: left;\" data-title-color=\"#2d3142\" data-headings-color=\"#2d3142\" class=\"panel-widget-style panel-widget-style-for-247-4-0-0\" ><div\n\t\t\t\n\t\t\tclass=\"so-widget-sow-editor so-widget-sow-editor-base\"\n\t\t\t\n\t\t>\n<div class=\"siteorigin-widget-tinymce textwidget\">\n\t<h3 style=\"text-align: center;\">Visa H1B<\/h3>\n<\/div>\n<\/div><\/div><\/div><div id=\"panel-247-4-0-1\" class=\"so-panel widget widget_sow-editor panel-last-child\" data-index=\"6\" ><div style=\"text-align: left;\" data-title-color=\"#2d3142\" data-headings-color=\"#2d3142\" class=\"panel-widget-style panel-widget-style-for-247-4-0-1\" ><div\n\t\t\t\n\t\t\tclass=\"so-widget-sow-editor so-widget-sow-editor-base\"\n\t\t\t\n\t\t>\n<div class=\"siteorigin-widget-tinymce textwidget\">\n\t<p style=\"text-align: justify;\">El requisito b\u00e1sico de una Visa H-1B es que el puesto de trabajo ofrecido sea el t\u00edpicamente ocupado por un profesionista. Esto es, que la ocupaci\u00f3n a ejercer en Estados Unidos requiera de un profesionista o el equivalente (la ley permite substituir educaci\u00f3n universitaria por ciertos a\u00f1os de experiencia). La ley cita como ejemplos claros de este tipo de profesiones a la arquitectura, ingenier\u00eda, matem\u00e1ticas, ciencias f\u00edsicas, ciencias sociales, biotecnolog\u00eda, medicina y salud, educaci\u00f3n, derecho, contabilidad, especialidades de negocios, etc. Actualmente, la ley solo permite que se otorguen 65,000 H-1B visas por a\u00f1o (m\u00e1s otras 20,000 para beneficiarios que se reservan para graduados de grados avanzados de educaci\u00f3n en los Estados Unidos). Este tipo de Visa requiere que el empleador pague al beneficiario de la visa el \u201csalario prevaleciente\u201d para la clasificaci\u00f3n profesional correspondiente al \u00e1rea de empleo y la aprobaci\u00f3n de la oficina de Servicios de Ciudadan\u00eda e Inmigraci\u00f3n de los Estados Unidos.<\/p>\n<\/div>\n<\/div><\/div><\/div><\/div><\/div><\/div><div id=\"pg-247-5\"  class=\"panel-grid panel-has-style\" ><div style=\"padding-top: 0px; padding-bottom: 0px; \" data-mobile-padding=\"50px\" data-overlay-color=\"#000000\" class=\"panel-row-style panel-row-style-for-247-5\" ><div id=\"pgc-247-5-0\"  class=\"panel-grid-cell\" ><div id=\"panel-247-5-0-0\" class=\"so-panel widget widget_sow-editor panel-first-child panel-last-child\" data-index=\"7\" ><div style=\"text-align: left;\" data-title-color=\"#2d3142\" data-headings-color=\"#2d3142\" class=\"panel-widget-style panel-widget-style-for-247-5-0-0\" ><div\n\t\t\t\n\t\t\tclass=\"so-widget-sow-editor so-widget-sow-editor-base\"\n\t\t\t\n\t\t>\n<div class=\"siteorigin-widget-tinymce textwidget\">\n\t<p>\u00a0<\/p>\n<hr \/>\n<p>\u00a0<\/p>\n<\/div>\n<\/div><\/div><\/div><\/div><\/div><\/div><div id=\"pg-247-6\"  class=\"panel-grid panel-has-style\" ><div style=\"padding-top: 0px; padding-bottom: 0px; \" data-mobile-padding=\"50px\" data-overlay-color=\"#000000\" class=\"panel-row-style panel-row-style-for-247-6\" ><div id=\"pgc-247-6-0\"  class=\"panel-grid-cell\" ><div id=\"panel-247-6-0-0\" class=\"so-panel widget widget_sow-editor panel-first-child\" data-index=\"8\" ><div style=\"text-align: left;\" data-title-color=\"#2d3142\" data-headings-color=\"#2d3142\" class=\"panel-widget-style panel-widget-style-for-247-6-0-0\" ><div\n\t\t\t\n\t\t\tclass=\"so-widget-sow-editor so-widget-sow-editor-base\"\n\t\t\t\n\t\t>\n<div class=\"siteorigin-widget-tinymce textwidget\">\n\t<h3 style=\"text-align: center;\">Visa L<\/h3>\n<\/div>\n<\/div><\/div><\/div><div id=\"panel-247-6-0-1\" class=\"so-panel widget widget_sow-editor panel-last-child\" data-index=\"9\" ><div style=\"text-align: left;\" data-title-color=\"#2d3142\" data-headings-color=\"#2d3142\" class=\"panel-widget-style panel-widget-style-for-247-6-0-1\" ><div\n\t\t\t\n\t\t\tclass=\"so-widget-sow-editor so-widget-sow-editor-base\"\n\t\t\t\n\t\t>\n<div class=\"siteorigin-widget-tinymce textwidget\">\n\t<p class=\"p0-1\" style=\"text-align: justify;\">Este tipo de visa es de gran utilidad para aquellos ejecutivos que ya se encuentran trabajando en el extranjero para la filial de una empresa americana. Para calificar dentro de la clasificaci\u00f3n de L-1A, el empleador debe tener una relaci\u00f3n corporativa con la empresa extranjera (por ejemplo, oficina corporativa, sucursal, subsidiaria o afiliada). Adem\u00e1s, el empleado debe haber estado trabajando para la compa\u00f1\u00eda extranjera durante un a\u00f1o continuo en los \u00faltimos tres a\u00f1os y tener un nivel de ejecutivo o gerente dentro de la empresa. Tambi\u00e9n existe la visa L-1B que sirve para transferir a empleados con conocimiento especializado de la compa\u00f1\u00eda.<\/p>\n<\/div>\n<\/div><\/div><\/div><\/div><\/div><\/div><\/div>","protected":false},"excerpt":{"rendered":"<p>Podemos asistirle con la asesor\u00eda y el tr\u00e1mite \u00e1gil y profesional de los siguientes tipos de visa de trabajo: Para&nbsp;[&hellip;]<\/p>\n","protected":false},"author":2,"featured_media":0,"parent":0,"menu_order":0,"comment_status":"closed","ping_status":"closed","template":"","meta":{"_exactmetrics_skip_tracking":false,"_exactmetrics_sitenote_active":false,"_exactmetrics_sitenote_note":"","_exactmetrics_sitenote_category":0,"footnotes":""},"class_list":["post-247","page","type-page","status-publish","hentry","post-item clearfix"],"aioseo_notices":[],"_links":{"self":[{"href":"https:\/\/barbeitolaw.com\/es\/wp-json\/wp\/v2\/pages\/247","targetHints":{"allow":["GET"]}}],"collection":[{"href":"https:\/\/barbeitolaw.com\/es\/wp-json\/wp\/v2\/pages"}],"about":[{"href":"https:\/\/barbeitolaw.com\/es\/wp-json\/wp\/v2\/types\/page"}],"author":[{"embeddable":true,"href":"https:\/\/barbeitolaw.com\/es\/wp-json\/wp\/v2\/users\/2"}],"replies":[{"embeddable":true,"href":"https:\/\/barbeitolaw.com\/es\/wp-json\/wp\/v2\/comments?post=247"}],"version-history":[{"count":0,"href":"https:\/\/barbeitolaw.com\/es\/wp-json\/wp\/v2\/pages\/247\/revisions"}],"wp:attachment":[{"href":"https:\/\/barbeitolaw.com\/es\/wp-json\/wp\/v2\/media?parent=247"}],"curies":[{"name":"wp","href":"https:\/\/api.w.org\/{rel}","templated":true}]}}