{"id":205,"date":"2017-02-06T19:17:33","date_gmt":"2017-02-06T19:17:33","guid":{"rendered":"https:\/\/fbz.225.mywebsitetransfer.com\/?page_id=205"},"modified":"2019-07-16T15:31:57","modified_gmt":"2019-07-16T15:31:57","slug":"aviso-de-privacidad","status":"publish","type":"page","link":"https:\/\/barbeitolaw.com\/es\/aviso-de-privacidad\/","title":{"rendered":"Aviso de Privacidad"},"content":{"rendered":"<div id=\"pl-205\"  class=\"panel-layout\" ><div id=\"pg-205-0\"  class=\"panel-grid panel-has-style\" ><div style=\"padding-top: 50px; padding-bottom: 50px; \" data-mobile-padding=\"50px\" data-overlay-color=\"#000000\" class=\"panel-row-style panel-row-style-for-205-0\" ><div id=\"pgc-205-0-0\"  class=\"panel-grid-cell\" ><div id=\"panel-205-0-0-0\" class=\"so-panel widget widget_sow-editor panel-first-child panel-last-child\" data-index=\"0\" ><div style=\"text-align: left;\" data-title-color=\"#2d3142\" data-headings-color=\"#2d3142\" class=\"panel-widget-style panel-widget-style-for-205-0-0-0\" ><div\n\t\t\t\n\t\t\tclass=\"so-widget-sow-editor so-widget-sow-editor-base\"\n\t\t\t\n\t\t>\n<div class=\"siteorigin-widget-tinymce textwidget\">\n\t<p style=\"text-align: justify;\">Ninguna relaci\u00f3n Abogado-Cliente. Contactarnos no crea una relaci\u00f3n abogado-cliente. Por favor, no nos env\u00ede informaci\u00f3n confidencial hasta que se establezca una relaci\u00f3n de abogado-cliente. Ninguna Reclamaci\u00f3n de Experiencia o Certificaci\u00f3n de la Junta.<\/p>\n<p style=\"text-align: justify;\">\u00a0<\/p>\n<p style=\"text-align: justify;\">Este sitio web enumera las \u00e1reas en las que los abogados de nuestro bufete de abogados practican. Al hacerlo, ning\u00fan abogado firme hace una reclamaci\u00f3n de \"experiencia\", \"especializaci\u00f3n\" o \"certificaci\u00f3n del consejo\". Todos los abogados de nuestra firma que est\u00e1n debidamente certificados en un \u00e1rea de pr\u00e1ctica lo han indicado en sus biograf\u00edas.<\/p>\n<p style=\"text-align: justify;\">\u00a0<\/p>\n<p style=\"text-align: justify;\">Enlaces a sitios web de terceros. Como conveniencia, este sitio web proporciona enlaces a ciertos sitios web de terceros. Estos sitios web vinculados no est\u00e1n bajo el control de nuestra empresa, y la empresa no asume ninguna responsabilidad por la exactitud del contenido de dichos sitios web.<\/p>\n<p style=\"text-align: justify;\">\u00a0<\/p>\n<p style=\"text-align: justify;\">Pr\u00e1ctica Autorizada de la Ley. Las jurisdicciones en las que cada uno de los abogados de la firma tienen licencia para ejercer se anotan en la biograf\u00eda de cada abogado en este sitio web. La capacidad de cualquier abogado de firmar para realizar cualquier actividad para un cliente fuera de los estados de licenciatura del abogado est\u00e1 sujeta a los estatutos estatales, est\u00e1ndares profesionales y reglas de la corte.<\/p>\n<\/div>\n<\/div><\/div><\/div><\/div><\/div><\/div><\/div>","protected":false},"excerpt":{"rendered":"<p>Ninguna relaci\u00f3n Abogado-Cliente. Contactarnos no crea una relaci\u00f3n abogado-cliente. Por favor, no nos env\u00ede informaci\u00f3n confidencial hasta que se establezca&nbsp;[&hellip;]<\/p>\n","protected":false},"author":2,"featured_media":0,"parent":0,"menu_order":0,"comment_status":"closed","ping_status":"closed","template":"page-templates\/template_fullwidth.php","meta":{"_exactmetrics_skip_tracking":false,"_exactmetrics_sitenote_active":false,"_exactmetrics_sitenote_note":"","_exactmetrics_sitenote_category":0,"footnotes":""},"class_list":["post-205","page","type-page","status-publish","hentry","post-item clearfix"],"aioseo_notices":[],"_links":{"self":[{"href":"https:\/\/barbeitolaw.com\/es\/wp-json\/wp\/v2\/pages\/205","targetHints":{"allow":["GET"]}}],"collection":[{"href":"https:\/\/barbeitolaw.com\/es\/wp-json\/wp\/v2\/pages"}],"about":[{"href":"https:\/\/barbeitolaw.com\/es\/wp-json\/wp\/v2\/types\/page"}],"author":[{"embeddable":true,"href":"https:\/\/barbeitolaw.com\/es\/wp-json\/wp\/v2\/users\/2"}],"replies":[{"embeddable":true,"href":"https:\/\/barbeitolaw.com\/es\/wp-json\/wp\/v2\/comments?post=205"}],"version-history":[{"count":0,"href":"https:\/\/barbeitolaw.com\/es\/wp-json\/wp\/v2\/pages\/205\/revisions"}],"wp:attachment":[{"href":"https:\/\/barbeitolaw.com\/es\/wp-json\/wp\/v2\/media?parent=205"}],"curies":[{"name":"wp","href":"https:\/\/api.w.org\/{rel}","templated":true}]}}