{"id":2,"date":"2017-02-06T19:12:13","date_gmt":"2017-02-06T19:12:13","guid":{"rendered":"https:\/\/fbz.225.mywebsitetransfer.com\/?page_id=2"},"modified":"2019-07-16T15:33:23","modified_gmt":"2019-07-16T15:33:23","slug":"quienes-somos","status":"publish","type":"page","link":"https:\/\/barbeitolaw.com\/es\/quienes-somos\/","title":{"rendered":"Qui\u00e9nes Somos"},"content":{"rendered":"<div id=\"pl-2\"  class=\"panel-layout\" ><div id=\"pg-2-0\"  class=\"panel-grid panel-has-style\" ><div style=\"padding-top: 50px; padding-bottom: 0px; \" data-mobile-padding=\"50px\" data-overlay-color=\"#000000\" class=\"panel-row-style panel-row-style-for-2-0\" ><div id=\"pgc-2-0-0\"  class=\"panel-grid-cell\" ><div id=\"panel-2-0-0-0\" class=\"so-panel widget widget_sow-editor panel-first-child panel-last-child\" data-index=\"0\" ><div style=\"text-align: left;\" data-title-color=\"#2d3142\" data-headings-color=\"#2d3142\" class=\"panel-widget-style panel-widget-style-for-2-0-0-0\" ><div\n\t\t\t\n\t\t\tclass=\"so-widget-sow-editor so-widget-sow-editor-base\"\n\t\t\t\n\t\t>\n<div class=\"siteorigin-widget-tinymce textwidget\">\n\t<p style=\"text-align: justify;\">El licenciado Jos\u00e9 Barbeito egres\u00f3 de la Licenciatura en Derecho en la Ciudad de Quer\u00e9taro (M\u00e9xico) en 1998, donde tambi\u00e9n curs\u00f3 la especialidad en Comercio Internacional. En el a\u00f1o 2003 obtuvo el grado de Maestro en Derecho, por la Universidad de Missouri en Kansas City. Aprob\u00f3 el examen de la barra de abogados en los estados de Nueva York, Missouri y Texas. Un logro que s\u00f3lo un selecto n\u00famero de abogados ha logrado.<\/p>\n<p>Previo a la fundaci\u00f3n de su despacho, Jos\u00e9 Barbeito trabaj\u00f3 como Abogado Asociado para la prestigiosa firma de abogados Stinson Morrison Hecker en las \u00e1reas de Derecho Migratorio, Corporativo e Internacional. El abogado Barbeito es miembro de la Asociaci\u00f3n Americana de Abogados de Inmigraci\u00f3n.<\/p>\n<p style=\"text-align: justify;\">El abogado Barbeito ha solucionado cientos de casos de inmigraci\u00f3n y cuenta con amplia experiencia en diversos asuntos dentro de este ramo; incluyendo Residencia Permanente (\"Green Card\u201d), Ciudadan\u00eda y Nacionalidad, Visas de Inversionista E-2, y Visas de Trabajo TN, H-1B y L-1A.\u00a0<\/p>\n<p>El abogado Barbeito conoce la cultura y las necesidades de los clientes mexicanos; y entiende de forma puntual, los aspectos legales tanto de empresas como de individuos en ambos lados de la frontera.<\/p>\n<\/div>\n<\/div><\/div><\/div><\/div><\/div><\/div><\/div>","protected":false},"excerpt":{"rendered":"<p>El licenciado Jos\u00e9 Barbeito egres\u00f3 de la Licenciatura en Derecho en la Ciudad de Quer\u00e9taro (M\u00e9xico) en 1998, donde tambi\u00e9n&nbsp;[&hellip;]<\/p>\n","protected":false},"author":2,"featured_media":0,"parent":0,"menu_order":0,"comment_status":"closed","ping_status":"closed","template":"page-templates\/template_fullwidth.php","meta":{"_exactmetrics_skip_tracking":false,"_exactmetrics_sitenote_active":false,"_exactmetrics_sitenote_note":"","_exactmetrics_sitenote_category":0,"footnotes":""},"class_list":["post-2","page","type-page","status-publish","hentry","post-item clearfix"],"aioseo_notices":[],"_links":{"self":[{"href":"https:\/\/barbeitolaw.com\/es\/wp-json\/wp\/v2\/pages\/2","targetHints":{"allow":["GET"]}}],"collection":[{"href":"https:\/\/barbeitolaw.com\/es\/wp-json\/wp\/v2\/pages"}],"about":[{"href":"https:\/\/barbeitolaw.com\/es\/wp-json\/wp\/v2\/types\/page"}],"author":[{"embeddable":true,"href":"https:\/\/barbeitolaw.com\/es\/wp-json\/wp\/v2\/users\/2"}],"replies":[{"embeddable":true,"href":"https:\/\/barbeitolaw.com\/es\/wp-json\/wp\/v2\/comments?post=2"}],"version-history":[{"count":0,"href":"https:\/\/barbeitolaw.com\/es\/wp-json\/wp\/v2\/pages\/2\/revisions"}],"wp:attachment":[{"href":"https:\/\/barbeitolaw.com\/es\/wp-json\/wp\/v2\/media?parent=2"}],"curies":[{"name":"wp","href":"https:\/\/api.w.org\/{rel}","templated":true}]}}